{"id":1689,"date":"2017-08-21T02:14:50","date_gmt":"2017-08-20T23:14:50","guid":{"rendered":"http:\/\/www.nuhcimento.com.tr\/?page_id=1689\/"},"modified":"2017-08-21T04:18:51","modified_gmt":"2017-08-21T01:18:51","slug":"frequently-asked-questions","status":"publish","type":"page","link":"https:\/\/www.nuhcimento.com.tr\/en\/frequently-asked-questions\/","title":{"rendered":"Frequently Asked Questions"},"content":{"rendered":"<p>[vc_row 0=&#8221;&#8221; equal_height=&#8221;yes&#8221; el_class=&#8221;#sifir-margin&#8221;][vc_column 0=&#8221;&#8221;][vc_raw_html]JTNDc2NyaXB0JTNFJTBBZnVuY3Rpb24lMjByZXBsYWNlQWxsJTI4c3RyJTJDJTIwZmluZCUyQyUyMHJlcGxhY2UlMjklMjAlN0IlMEElMjAlMjAlMjAlMjByZXR1cm4lMjBzdHIucmVwbGFjZSUyOG5ldyUyMFJlZ0V4cCUyOGZpbmQlMkMlMjAlMjdnJTI3JTI5JTJDJTIwcmVwbGFjZSUyOSUzQiUwQSU3RCUwQWZ1bmN0aW9uJTIwU2F5ZmFJY2lBcmFtYSUyOCUyOSUyMCU3QiUwQSUyMCUyMHZhciUyMGlucHV0JTJDJTIwZmlsdGVyJTJDJTIwdGFibGUlMkMlMjB0ciUyQyUyMHRkJTJDJTIwaSUzQiUwQSUyMCUyMGlucHV0JTIwJTNEJTIwZG9jdW1lbnQuZ2V0RWxlbWVudEJ5SWQlMjglMjJteUlucHV0JTIyJTI5JTNCJTBBJTIwJTIwZmlsdGVyJTIwJTNEJTIwaW5wdXQudmFsdWUudG9VcHBlckNhc2UlMjglMjklM0IlMEElMjAlMjB0YWJsZSUyMCUzRCUyMGRvY3VtZW50LmdldEVsZW1lbnRCeUlkJTI4JTIydGFibG8lMjIlMjklM0IlMEElMjAlMjB0ciUyMCUzRCUyMHRhYmxlLmdldEVsZW1lbnRzQnlUYWdOYW1lJTI4JTIyaDQlMjIlMjklM0IlMEElMjAlMjBmb3IlMjAlMjhpJTIwJTNEJTIwMCUzQiUyMGklMjAlM0MlMjB0ci5sZW5ndGglM0IlMjBpJTJCJTJCJTI5JTIwJTdCJTBBJTIwJTIwJTIwJTIwdGQlMjAlM0QlMjB0ciU1QmklNUQuZ2V0RWxlbWVudHNCeVRhZ05hbWUlMjglMjJzdHJvbmclMjIlMjklNUIwJTVEJTNCJTBBJTIwJTIwJTIwJTIwaWYlMjAlMjh0ZCUyOSUyMCU3QiUwQSUyMCUyMCUyMCUyMCUyMCUyMGlmJTIwJTI4dGQuaW5uZXJIVE1MLnRvVXBwZXJDYXNlJTI4JTI5LmluZGV4T2YlMjhmaWx0ZXIlMjklMjAlM0UlMjAtMSUyOSUyMCU3QiUwQSUyMCUyMCUyMCUyMCUyMCUyMCUyMCUyMHRyJTVCaSU1RC5zdHlsZS5kaXNwbGF5JTIwJTNEJTIwJTIyJTIyJTNCJTBBJTIwJTIwJTIwJTIwJTIwJTIwJTdEJTIwZWxzZSUyMCU3QiUwQSUyMCUyMCUyMCUyMCUyMCUyMCUyMCUyMCUyRiUyRnRyJTVCaSU1RC5zdHlsZS5kaXNwbGF5JTIwJTNEJTIwJTIybm9uZSUyMiUzQiUwQSUyMCUyMCUyMCUyMCUyMCUyMCUyMCUyMGpRdWVyeSUyOHRyJTVCaSU1RCUyOS5oaWRlJTI4NTAwJTI5JTNCJTBBJTIwJTIwJTIwJTIwJTIwJTIwJTdEJTBBJTIwJTIwJTIwJTIwJTdEJTIwJTIwJTIwJTIwJTIwJTIwJTIwJTBBJTIwJTIwJTdEJTBBJTdEJTBBJTNDJTJGc2NyaXB0JTNFJTBBJTNDaW5wdXQlMjB0eXBlJTNEJTIydGV4dCUyMiUyMGlkJTNEJTIybXlJbnB1dCUyMiUyMG9ua2V5dXAlM0QlMjJTYXlmYUljaUFyYW1hJTI4JTI5JTIyJTIwcGxhY2Vob2xkZXIlM0QlMjJTZWFyY2glMjBpbiUyMHRoaXMlMjBwYWdlLi4uJTIyJTIwdGl0bGUlM0QlMjJFbnRlciUyMGElMjBrZXl3b3JkJTIyJTIwc3R5bGUlM0QlMjJ3aWR0aCUzQTEwMCUyNSUyMiUzRQ==[\/vc_raw_html][vc_row_inner][vc_column_inner el_id=&#8221;tablo&#8221;][vc_column_text]<\/p>\n<h4><a href=\"http:\/\/www.nuhcimento.com.tr\/wp-content\/uploads\/2016_Yili_K__r_Dagitim.pdf\"><i class=\"icon-right-open\" style=\"\" aria-hidden=\"true\"><\/i> <strong>2016 Y\u0131l\u0131 K\u00e2r Da\u011f\u0131l\u0131m\u0131<\/strong><\/a><\/h4>\n<p>[\/vc_column_text][vc_column_text]<\/p>\n<h4><a href=\"http:\/\/www.nuhcimento.com.tr\/wp-content\/uploads\/2015_Yeni.pdf\"><i class=\"icon-right-open\" style=\"\" aria-hidden=\"true\"><\/i> <strong>2015 Y\u0131l\u0131 K\u00e2r Da\u011f\u0131l\u0131m\u0131 (Yeni)<\/strong><\/a><\/h4>\n<p>[\/vc_column_text][vc_column_text]<\/p>\n<h4><a href=\"http:\/\/www.nuhcimento.com.tr\/wp-content\/uploads\/2015_Yeni.pdf\"><i class=\"icon-right-open\" style=\"\" aria-hidden=\"true\"><\/i> <strong>2015 Y\u0131l\u0131 K\u00e2r Da\u011f\u0131l\u0131m\u0131<\/strong><\/a><\/h4>\n<p>[\/vc_column_text][vc_column_text]<\/p>\n<h4><a href=\"http:\/\/www.nuhcimento.com.tr\/wp-content\/uploads\/Kar_Dagitim_Tablosu51.pdf\"><i class=\"icon-right-open\" style=\"\" aria-hidden=\"true\"><\/i> <strong>2014 Y\u0131l\u0131 K\u00e2r Da\u011f\u0131l\u0131m\u0131 (Yeni)<\/strong><\/a><\/h4>\n<p>[\/vc_column_text][vc_column_text]<\/p>\n<h4><a href=\"http:\/\/www.nuhcimento.com.tr\/wp-content\/uploads\/Kar_Dagitim_Tablosu51.pdf\"><i class=\"icon-right-open\" style=\"\" aria-hidden=\"true\"><\/i> <strong>2014 Y\u0131l\u0131 K\u00e2r Da\u011f\u0131l\u0131m\u0131<\/strong><\/a><\/h4>\n<p>[\/vc_column_text][vc_column_text]<\/p>\n<h4><a href=\"http:\/\/www.nuhcimento.com.tr\/wp-content\/uploads\/Kar_Dagitim_Tablosu51.pdf\"><i class=\"icon-right-open\" style=\"\" aria-hidden=\"true\"><\/i> <strong>K\u00e2r Pay\u0131 Da\u011f\u0131t\u0131mlar\u0131 Hakk\u0131nda<\/strong> <\/a><\/h4>\n<p>[\/vc_column_text][vc_column_text]<\/p>\n<h4><a href=\"http:\/\/www.nuhcimento.com.tr\/wp-content\/uploads\/Kar_Dagitim_Tablosu51.pdf\"><i class=\"icon-right-open\" style=\"\" aria-hidden=\"true\"><\/i> <strong>2000 Y\u0131l\u0131ndan Itibaren Yap\u0131lan Sermaye Artt\u0131r\u0131mlar\u0131 Hakk\u0131nda <\/strong><\/a><\/h4>\n<p>[\/vc_column_text][\/vc_column_inner][\/vc_row_inner][\/vc_column][\/vc_row][vc_row][vc_column][\/vc_column][\/vc_row]<\/p>\n","protected":false},"excerpt":{"rendered":"<p>[vc_row 0=&#8221;&#8221; equal_height=&#8221;yes&#8221; el_class=&#8221;#sifir-margin&#8221;][vc_column 0=&#8221;&#8221;][vc_raw_html]JTNDc2NyaXB0JTNFJTBBZnVuY3Rpb24lMjByZXBsYWNlQWxsJTI4c3RyJTJDJTIwZmluZCUyQyUyMHJlcGxhY2UlMjklMjAlN0IlMEElMjAlMjAlMjAlMjByZXR1cm4lMjBzdHIucmVwbGFjZSUyOG5ldyUyMFJlZ0V4cCUyOGZpbmQlMkMlMjAlMjdnJTI3JTI5JTJDJTIwcmVwbGFjZSUyOSUzQiUwQSU3RCUwQWZ1bmN0aW9uJTIwU2F5ZmFJY2lBcmFtYSUyOCUyOSUyMCU3QiUwQSUyMCUyMHZhciUyMGlucHV0JTJDJTIwZmlsdGVyJTJDJTIwdGFibGUlMkMlMjB0ciUyQyUyMHRkJTJDJTIwaSUzQiUwQSUyMCUyMGlucHV0JTIwJTNEJTIwZG9jdW1lbnQuZ2V0RWxlbWVudEJ5SWQlMjglMjJteUlucHV0JTIyJTI5JTNCJTBBJTIwJTIwZmlsdGVyJTIwJTNEJTIwaW5wdXQudmFsdWUudG9VcHBlckNhc2UlMjglMjklM0IlMEElMjAlMjB0YWJsZSUyMCUzRCUyMGRvY3VtZW50LmdldEVsZW1lbnRCeUlkJTI4JTIydGFibG8lMjIlMjklM0IlMEElMjAlMjB0ciUyMCUzRCUyMHRhYmxlLmdldEVsZW1lbnRzQnlUYWdOYW1lJTI4JTIyaDQlMjIlMjklM0IlMEElMjAlMjBmb3IlMjAlMjhpJTIwJTNEJTIwMCUzQiUyMGklMjAlM0MlMjB0ci5sZW5ndGglM0IlMjBpJTJCJTJCJTI5JTIwJTdCJTBBJTIwJTIwJTIwJTIwdGQlMjAlM0QlMjB0ciU1QmklNUQuZ2V0RWxlbWVudHNCeVRhZ05hbWUlMjglMjJzdHJvbmclMjIlMjklNUIwJTVEJTNCJTBBJTIwJTIwJTIwJTIwaWYlMjAlMjh0ZCUyOSUyMCU3QiUwQSUyMCUyMCUyMCUyMCUyMCUyMGlmJTIwJTI4dGQuaW5uZXJIVE1MLnRvVXBwZXJDYXNlJTI4JTI5LmluZGV4T2YlMjhmaWx0ZXIlMjklMjAlM0UlMjAtMSUyOSUyMCU3QiUwQSUyMCUyMCUyMCUyMCUyMCUyMCUyMCUyMHRyJTVCaSU1RC5zdHlsZS5kaXNwbGF5JTIwJTNEJTIwJTIyJTIyJTNCJTBBJTIwJTIwJTIwJTIwJTIwJTIwJTdEJTIwZWxzZSUyMCU3QiUwQSUyMCUyMCUyMCUyMCUyMCUyMCUyMCUyMCUyRiUyRnRyJTVCaSU1RC5zdHlsZS5kaXNwbGF5JTIwJTNEJTIwJTIybm9uZSUyMiUzQiUwQSUyMCUyMCUyMCUyMCUyMCUyMCUyMCUyMGpRdWVyeSUyOHRyJTVCaSU1RCUyOS5oaWRlJTI4NTAwJTI5JTNCJTBBJTIwJTIwJTIwJTIwJTIwJTIwJTdEJTBBJTIwJTIwJTIwJTIwJTdEJTIwJTIwJTIwJTIwJTIwJTIwJTIwJTBBJTIwJTIwJTdEJTBBJTdEJTBBJTNDJTJGc2NyaXB0JTNFJTBBJTNDaW5wdXQlMjB0eXBlJTNEJTIydGV4dCUyMiUyMGlkJTNEJTIybXlJbnB1dCUyMiUyMG9ua2V5dXAlM0QlMjJTYXlmYUljaUFyYW1hJTI4JTI5JTIyJTIwcGxhY2Vob2xkZXIlM0QlMjJTZWFyY2glMjBpbiUyMHRoaXMlMjBwYWdlLi4uJTIyJTIwdGl0bGUlM0QlMjJFbnRlciUyMGElMjBrZXl3b3JkJTIyJTIwc3R5bGUlM0QlMjJ3aWR0aCUzQTEwMCUyNSUyMiUzRQ==[\/vc_raw_html][vc_row_inner][vc_column_inner el_id=&#8221;tablo&#8221;][vc_column_text] 2016 Y\u0131l\u0131 K\u00e2r Da\u011f\u0131l\u0131m\u0131 [\/vc_column_text][vc_column_text] 2015 Y\u0131l\u0131 K\u00e2r Da\u011f\u0131l\u0131m\u0131 (Yeni) [\/vc_column_text][vc_column_text] 2015 Y\u0131l\u0131 K\u00e2r Da\u011f\u0131l\u0131m\u0131 [\/vc_column_text][vc_column_text] 2014 Y\u0131l\u0131 K\u00e2r Da\u011f\u0131l\u0131m\u0131<span class=\"excerpt-hellip\"> [\u2026]<\/span><\/p>\n","protected":false},"author":1,"featured_media":0,"parent":0,"menu_order":0,"comment_status":"closed","ping_status":"closed","template":"","meta":{"footnotes":""},"class_list":["post-1689","page","type-page","status-publish","hentry"],"yoast_head":"<!-- This site is optimized with the Yoast SEO plugin v27.1 - https:\/\/yoast.com\/product\/yoast-seo-wordpress\/ -->\n<title>Frequently Asked Questions - Nuh \u00c7imento<\/title>\n<meta name=\"robots\" content=\"index, follow, max-snippet:-1, max-image-preview:large, max-video-preview:-1\" \/>\n<link rel=\"canonical\" href=\"https:\/\/www.nuhcimento.com.tr\/en\/frequently-asked-questions\/\" \/>\n<meta property=\"og:locale\" content=\"en_US\" \/>\n<meta property=\"og:type\" content=\"article\" \/>\n<meta property=\"og:title\" content=\"Frequently Asked Questions - Nuh \u00c7imento\" \/>\n<meta property=\"og:description\" content=\"[vc_row 0=&#8221;&#8221; equal_height=&#8221;yes&#8221; el_class=&#8221;#sifir-margin&#8221;][vc_column 0=&#8221;&#8221;][vc_raw_html]JTNDc2NyaXB0JTNFJTBBZnVuY3Rpb24lMjByZXBsYWNlQWxsJTI4c3RyJTJDJTIwZmluZCUyQyUyMHJlcGxhY2UlMjklMjAlN0IlMEElMjAlMjAlMjAlMjByZXR1cm4lMjBzdHIucmVwbGFjZSUyOG5ldyUyMFJlZ0V4cCUyOGZpbmQlMkMlMjAlMjdnJTI3JTI5JTJDJTIwcmVwbGFjZSUyOSUzQiUwQSU3RCUwQWZ1bmN0aW9uJTIwU2F5ZmFJY2lBcmFtYSUyOCUyOSUyMCU3QiUwQSUyMCUyMHZhciUyMGlucHV0JTJDJTIwZmlsdGVyJTJDJTIwdGFibGUlMkMlMjB0ciUyQyUyMHRkJTJDJTIwaSUzQiUwQSUyMCUyMGlucHV0JTIwJTNEJTIwZG9jdW1lbnQuZ2V0RWxlbWVudEJ5SWQlMjglMjJteUlucHV0JTIyJTI5JTNCJTBBJTIwJTIwZmlsdGVyJTIwJTNEJTIwaW5wdXQudmFsdWUudG9VcHBlckNhc2UlMjglMjklM0IlMEElMjAlMjB0YWJsZSUyMCUzRCUyMGRvY3VtZW50LmdldEVsZW1lbnRCeUlkJTI4JTIydGFibG8lMjIlMjklM0IlMEElMjAlMjB0ciUyMCUzRCUyMHRhYmxlLmdldEVsZW1lbnRzQnlUYWdOYW1lJTI4JTIyaDQlMjIlMjklM0IlMEElMjAlMjBmb3IlMjAlMjhpJTIwJTNEJTIwMCUzQiUyMGklMjAlM0MlMjB0ci5sZW5ndGglM0IlMjBpJTJCJTJCJTI5JTIwJTdCJTBBJTIwJTIwJTIwJTIwdGQlMjAlM0QlMjB0ciU1QmklNUQuZ2V0RWxlbWVudHNCeVRhZ05hbWUlMjglMjJzdHJvbmclMjIlMjklNUIwJTVEJTNCJTBBJTIwJTIwJTIwJTIwaWYlMjAlMjh0ZCUyOSUyMCU3QiUwQSUyMCUyMCUyMCUyMCUyMCUyMGlmJTIwJTI4dGQuaW5uZXJIVE1MLnRvVXBwZXJDYXNlJTI4JTI5LmluZGV4T2YlMjhmaWx0ZXIlMjklMjAlM0UlMjAtMSUyOSUyMCU3QiUwQSUyMCUyMCUyMCUyMCUyMCUyMCUyMCUyMHRyJTVCaSU1RC5zdHlsZS5kaXNwbGF5JTIwJTNEJTIwJTIyJTIyJTNCJTBBJTIwJTIwJTIwJTIwJTIwJTIwJTdEJTIwZWxzZSUyMCU3QiUwQSUyMCUyMCUyMCUyMCUyMCUyMCUyMCUyMCUyRiUyRnRyJTVCaSU1RC5zdHlsZS5kaXNwbGF5JTIwJTNEJTIwJTIybm9uZSUyMiUzQiUwQSUyMCUyMCUyMCUyMCUyMCUyMCUyMCUyMGpRdWVyeSUyOHRyJTVCaSU1RCUyOS5oaWRlJTI4NTAwJTI5JTNCJTBBJTIwJTIwJTIwJTIwJTIwJTIwJTdEJTBBJTIwJTIwJTIwJTIwJTdEJTIwJTIwJTIwJTIwJTIwJTIwJTIwJTBBJTIwJTIwJTdEJTBBJTdEJTBBJTNDJTJGc2NyaXB0JTNFJTBBJTNDaW5wdXQlMjB0eXBlJTNEJTIydGV4dCUyMiUyMGlkJTNEJTIybXlJbnB1dCUyMiUyMG9ua2V5dXAlM0QlMjJTYXlmYUljaUFyYW1hJTI4JTI5JTIyJTIwcGxhY2Vob2xkZXIlM0QlMjJTZWFyY2glMjBpbiUyMHRoaXMlMjBwYWdlLi4uJTIyJTIwdGl0bGUlM0QlMjJFbnRlciUyMGElMjBrZXl3b3JkJTIyJTIwc3R5bGUlM0QlMjJ3aWR0aCUzQTEwMCUyNSUyMiUzRQ==[\/vc_raw_html][vc_row_inner][vc_column_inner el_id=&#8221;tablo&#8221;][vc_column_text] 2016 Y\u0131l\u0131 K\u00e2r Da\u011f\u0131l\u0131m\u0131 [\/vc_column_text][vc_column_text] 2015 Y\u0131l\u0131 K\u00e2r Da\u011f\u0131l\u0131m\u0131 (Yeni) [\/vc_column_text][vc_column_text] 2015 Y\u0131l\u0131 K\u00e2r Da\u011f\u0131l\u0131m\u0131 [\/vc_column_text][vc_column_text] 2014 Y\u0131l\u0131 K\u00e2r Da\u011f\u0131l\u0131m\u0131 [\u2026]\" \/>\n<meta property=\"og:url\" content=\"https:\/\/www.nuhcimento.com.tr\/en\/frequently-asked-questions\/\" \/>\n<meta property=\"og:site_name\" content=\"Nuh \u00c7imento\" \/>\n<meta property=\"article:modified_time\" content=\"2017-08-21T01:18:51+00:00\" \/>\n<meta name=\"twitter:card\" content=\"summary_large_image\" \/>\n<meta name=\"twitter:label1\" content=\"Est. reading time\" \/>\n\t<meta name=\"twitter:data1\" content=\"1 minute\" \/>\n<script type=\"application\/ld+json\" class=\"yoast-schema-graph\">{\"@context\":\"https:\/\/schema.org\",\"@graph\":[{\"@type\":\"WebPage\",\"@id\":\"https:\/\/www.nuhcimento.com.tr\/en\/frequently-asked-questions\/\",\"url\":\"https:\/\/www.nuhcimento.com.tr\/en\/frequently-asked-questions\/\",\"name\":\"Frequently Asked Questions - Nuh \u00c7imento\",\"isPartOf\":{\"@id\":\"https:\/\/www.nuhcimento.com.tr\/#website\"},\"datePublished\":\"2017-08-20T23:14:50+00:00\",\"dateModified\":\"2017-08-21T01:18:51+00:00\",\"breadcrumb\":{\"@id\":\"https:\/\/www.nuhcimento.com.tr\/en\/frequently-asked-questions\/#breadcrumb\"},\"inLanguage\":\"en-US\",\"potentialAction\":[{\"@type\":\"ReadAction\",\"target\":[\"https:\/\/www.nuhcimento.com.tr\/en\/frequently-asked-questions\/\"]}]},{\"@type\":\"BreadcrumbList\",\"@id\":\"https:\/\/www.nuhcimento.com.tr\/en\/frequently-asked-questions\/#breadcrumb\",\"itemListElement\":[{\"@type\":\"ListItem\",\"position\":1,\"name\":\"Anasayfa\",\"item\":\"https:\/\/www.nuhcimento.com.tr\/en\/\"},{\"@type\":\"ListItem\",\"position\":2,\"name\":\"Frequently Asked Questions\"}]},{\"@type\":\"WebSite\",\"@id\":\"https:\/\/www.nuhcimento.com.tr\/#website\",\"url\":\"https:\/\/www.nuhcimento.com.tr\/\",\"name\":\"Nuh \u00c7imento\",\"description\":\"\",\"publisher\":{\"@id\":\"https:\/\/www.nuhcimento.com.tr\/#organization\"},\"potentialAction\":[{\"@type\":\"SearchAction\",\"target\":{\"@type\":\"EntryPoint\",\"urlTemplate\":\"https:\/\/www.nuhcimento.com.tr\/?s={search_term_string}\"},\"query-input\":{\"@type\":\"PropertyValueSpecification\",\"valueRequired\":true,\"valueName\":\"search_term_string\"}}],\"inLanguage\":\"en-US\"},{\"@type\":\"Organization\",\"@id\":\"https:\/\/www.nuhcimento.com.tr\/#organization\",\"name\":\"Nuh \u00c7imento\",\"url\":\"https:\/\/www.nuhcimento.com.tr\/\",\"logo\":{\"@type\":\"ImageObject\",\"inLanguage\":\"en-US\",\"@id\":\"https:\/\/www.nuhcimento.com.tr\/#\/schema\/logo\/image\/\",\"url\":\"https:\/\/www.nuhcimento.com.tr\/wp-content\/uploads\/nuh_logo_2x.png\",\"contentUrl\":\"https:\/\/www.nuhcimento.com.tr\/wp-content\/uploads\/nuh_logo_2x.png\",\"width\":666,\"height\":305,\"caption\":\"Nuh \u00c7imento\"},\"image\":{\"@id\":\"https:\/\/www.nuhcimento.com.tr\/#\/schema\/logo\/image\/\"}}]}<\/script>\n<!-- \/ Yoast SEO plugin. -->","yoast_head_json":{"title":"Frequently Asked Questions - Nuh \u00c7imento","robots":{"index":"index","follow":"follow","max-snippet":"max-snippet:-1","max-image-preview":"max-image-preview:large","max-video-preview":"max-video-preview:-1"},"canonical":"https:\/\/www.nuhcimento.com.tr\/en\/frequently-asked-questions\/","og_locale":"en_US","og_type":"article","og_title":"Frequently Asked Questions - Nuh \u00c7imento","og_description":"[vc_row 0=&#8221;&#8221; equal_height=&#8221;yes&#8221; el_class=&#8221;#sifir-margin&#8221;][vc_column 0=&#8221;&#8221;][vc_raw_html]JTNDc2NyaXB0JTNFJTBBZnVuY3Rpb24lMjByZXBsYWNlQWxsJTI4c3RyJTJDJTIwZmluZCUyQyUyMHJlcGxhY2UlMjklMjAlN0IlMEElMjAlMjAlMjAlMjByZXR1cm4lMjBzdHIucmVwbGFjZSUyOG5ldyUyMFJlZ0V4cCUyOGZpbmQlMkMlMjAlMjdnJTI3JTI5JTJDJTIwcmVwbGFjZSUyOSUzQiUwQSU3RCUwQWZ1bmN0aW9uJTIwU2F5ZmFJY2lBcmFtYSUyOCUyOSUyMCU3QiUwQSUyMCUyMHZhciUyMGlucHV0JTJDJTIwZmlsdGVyJTJDJTIwdGFibGUlMkMlMjB0ciUyQyUyMHRkJTJDJTIwaSUzQiUwQSUyMCUyMGlucHV0JTIwJTNEJTIwZG9jdW1lbnQuZ2V0RWxlbWVudEJ5SWQlMjglMjJteUlucHV0JTIyJTI5JTNCJTBBJTIwJTIwZmlsdGVyJTIwJTNEJTIwaW5wdXQudmFsdWUudG9VcHBlckNhc2UlMjglMjklM0IlMEElMjAlMjB0YWJsZSUyMCUzRCUyMGRvY3VtZW50LmdldEVsZW1lbnRCeUlkJTI4JTIydGFibG8lMjIlMjklM0IlMEElMjAlMjB0ciUyMCUzRCUyMHRhYmxlLmdldEVsZW1lbnRzQnlUYWdOYW1lJTI4JTIyaDQlMjIlMjklM0IlMEElMjAlMjBmb3IlMjAlMjhpJTIwJTNEJTIwMCUzQiUyMGklMjAlM0MlMjB0ci5sZW5ndGglM0IlMjBpJTJCJTJCJTI5JTIwJTdCJTBBJTIwJTIwJTIwJTIwdGQlMjAlM0QlMjB0ciU1QmklNUQuZ2V0RWxlbWVudHNCeVRhZ05hbWUlMjglMjJzdHJvbmclMjIlMjklNUIwJTVEJTNCJTBBJTIwJTIwJTIwJTIwaWYlMjAlMjh0ZCUyOSUyMCU3QiUwQSUyMCUyMCUyMCUyMCUyMCUyMGlmJTIwJTI4dGQuaW5uZXJIVE1MLnRvVXBwZXJDYXNlJTI4JTI5LmluZGV4T2YlMjhmaWx0ZXIlMjklMjAlM0UlMjAtMSUyOSUyMCU3QiUwQSUyMCUyMCUyMCUyMCUyMCUyMCUyMCUyMHRyJTVCaSU1RC5zdHlsZS5kaXNwbGF5JTIwJTNEJTIwJTIyJTIyJTNCJTBBJTIwJTIwJTIwJTIwJTIwJTIwJTdEJTIwZWxzZSUyMCU3QiUwQSUyMCUyMCUyMCUyMCUyMCUyMCUyMCUyMCUyRiUyRnRyJTVCaSU1RC5zdHlsZS5kaXNwbGF5JTIwJTNEJTIwJTIybm9uZSUyMiUzQiUwQSUyMCUyMCUyMCUyMCUyMCUyMCUyMCUyMGpRdWVyeSUyOHRyJTVCaSU1RCUyOS5oaWRlJTI4NTAwJTI5JTNCJTBBJTIwJTIwJTIwJTIwJTIwJTIwJTdEJTBBJTIwJTIwJTIwJTIwJTdEJTIwJTIwJTIwJTIwJTIwJTIwJTIwJTBBJTIwJTIwJTdEJTBBJTdEJTBBJTNDJTJGc2NyaXB0JTNFJTBBJTNDaW5wdXQlMjB0eXBlJTNEJTIydGV4dCUyMiUyMGlkJTNEJTIybXlJbnB1dCUyMiUyMG9ua2V5dXAlM0QlMjJTYXlmYUljaUFyYW1hJTI4JTI5JTIyJTIwcGxhY2Vob2xkZXIlM0QlMjJTZWFyY2glMjBpbiUyMHRoaXMlMjBwYWdlLi4uJTIyJTIwdGl0bGUlM0QlMjJFbnRlciUyMGElMjBrZXl3b3JkJTIyJTIwc3R5bGUlM0QlMjJ3aWR0aCUzQTEwMCUyNSUyMiUzRQ==[\/vc_raw_html][vc_row_inner][vc_column_inner el_id=&#8221;tablo&#8221;][vc_column_text] 2016 Y\u0131l\u0131 K\u00e2r Da\u011f\u0131l\u0131m\u0131 [\/vc_column_text][vc_column_text] 2015 Y\u0131l\u0131 K\u00e2r Da\u011f\u0131l\u0131m\u0131 (Yeni) [\/vc_column_text][vc_column_text] 2015 Y\u0131l\u0131 K\u00e2r Da\u011f\u0131l\u0131m\u0131 [\/vc_column_text][vc_column_text] 2014 Y\u0131l\u0131 K\u00e2r Da\u011f\u0131l\u0131m\u0131 [\u2026]","og_url":"https:\/\/www.nuhcimento.com.tr\/en\/frequently-asked-questions\/","og_site_name":"Nuh \u00c7imento","article_modified_time":"2017-08-21T01:18:51+00:00","twitter_card":"summary_large_image","twitter_misc":{"Est. reading time":"1 minute"},"schema":{"@context":"https:\/\/schema.org","@graph":[{"@type":"WebPage","@id":"https:\/\/www.nuhcimento.com.tr\/en\/frequently-asked-questions\/","url":"https:\/\/www.nuhcimento.com.tr\/en\/frequently-asked-questions\/","name":"Frequently Asked Questions - Nuh \u00c7imento","isPartOf":{"@id":"https:\/\/www.nuhcimento.com.tr\/#website"},"datePublished":"2017-08-20T23:14:50+00:00","dateModified":"2017-08-21T01:18:51+00:00","breadcrumb":{"@id":"https:\/\/www.nuhcimento.com.tr\/en\/frequently-asked-questions\/#breadcrumb"},"inLanguage":"en-US","potentialAction":[{"@type":"ReadAction","target":["https:\/\/www.nuhcimento.com.tr\/en\/frequently-asked-questions\/"]}]},{"@type":"BreadcrumbList","@id":"https:\/\/www.nuhcimento.com.tr\/en\/frequently-asked-questions\/#breadcrumb","itemListElement":[{"@type":"ListItem","position":1,"name":"Anasayfa","item":"https:\/\/www.nuhcimento.com.tr\/en\/"},{"@type":"ListItem","position":2,"name":"Frequently Asked Questions"}]},{"@type":"WebSite","@id":"https:\/\/www.nuhcimento.com.tr\/#website","url":"https:\/\/www.nuhcimento.com.tr\/","name":"Nuh \u00c7imento","description":"","publisher":{"@id":"https:\/\/www.nuhcimento.com.tr\/#organization"},"potentialAction":[{"@type":"SearchAction","target":{"@type":"EntryPoint","urlTemplate":"https:\/\/www.nuhcimento.com.tr\/?s={search_term_string}"},"query-input":{"@type":"PropertyValueSpecification","valueRequired":true,"valueName":"search_term_string"}}],"inLanguage":"en-US"},{"@type":"Organization","@id":"https:\/\/www.nuhcimento.com.tr\/#organization","name":"Nuh \u00c7imento","url":"https:\/\/www.nuhcimento.com.tr\/","logo":{"@type":"ImageObject","inLanguage":"en-US","@id":"https:\/\/www.nuhcimento.com.tr\/#\/schema\/logo\/image\/","url":"https:\/\/www.nuhcimento.com.tr\/wp-content\/uploads\/nuh_logo_2x.png","contentUrl":"https:\/\/www.nuhcimento.com.tr\/wp-content\/uploads\/nuh_logo_2x.png","width":666,"height":305,"caption":"Nuh \u00c7imento"},"image":{"@id":"https:\/\/www.nuhcimento.com.tr\/#\/schema\/logo\/image\/"}}]}},"_links":{"self":[{"href":"https:\/\/www.nuhcimento.com.tr\/en\/wp-json\/wp\/v2\/pages\/1689","targetHints":{"allow":["GET"]}}],"collection":[{"href":"https:\/\/www.nuhcimento.com.tr\/en\/wp-json\/wp\/v2\/pages"}],"about":[{"href":"https:\/\/www.nuhcimento.com.tr\/en\/wp-json\/wp\/v2\/types\/page"}],"author":[{"embeddable":true,"href":"https:\/\/www.nuhcimento.com.tr\/en\/wp-json\/wp\/v2\/users\/1"}],"replies":[{"embeddable":true,"href":"https:\/\/www.nuhcimento.com.tr\/en\/wp-json\/wp\/v2\/comments?post=1689"}],"version-history":[{"count":26,"href":"https:\/\/www.nuhcimento.com.tr\/en\/wp-json\/wp\/v2\/pages\/1689\/revisions"}],"predecessor-version":[{"id":2416,"href":"https:\/\/www.nuhcimento.com.tr\/en\/wp-json\/wp\/v2\/pages\/1689\/revisions\/2416"}],"wp:attachment":[{"href":"https:\/\/www.nuhcimento.com.tr\/en\/wp-json\/wp\/v2\/media?parent=1689"}],"curies":[{"name":"wp","href":"https:\/\/api.w.org\/{rel}","templated":true}]}}